{"id":1261,"date":"2024-01-24T15:22:16","date_gmt":"2024-01-24T15:22:16","guid":{"rendered":"https:\/\/campinglagrandevalleecom.sc4fehi5552.universe.wf\/nature\/"},"modified":"2025-09-19T07:53:30","modified_gmt":"2025-09-19T07:53:30","slug":"nature","status":"publish","type":"page","link":"https:\/\/campinglagrandevallee.com\/en\/nature\/","title":{"rendered":"Nature"},"content":{"rendered":"\n<div class=\"wp-block-stackable-columns alignwide stk-block-columns stk-block stk-50dcbc8\" data-block-id=\"50dcbc8\"><style>.stk-50dcbc8{margin-right:40px !important;margin-bottom:0px !important;margin-left:40px !important}<\/style><div class=\"stk-row stk-inner-blocks stk-block-content stk-content-align stk-50dcbc8-column alignwide\">\n<div class=\"wp-block-stackable-column stk-block-column stk-column stk-block stk-9d7bc6e\" data-v=\"4\" data-block-id=\"9d7bc6e\"><style>@media screen and (min-width:768px){.stk-9d7bc6e{flex:1 1 calc(66.666% - var(--stk-column-gap,0px) * 1 \/ 2 ) !important}}<\/style><div class=\"stk-column-wrapper stk-block-column__content stk-container stk-9d7bc6e-container stk--no-background stk--no-padding\"><div class=\"stk-block-content stk-inner-blocks stk-9d7bc6e-inner-blocks\">\n<div class=\"wp-block-stackable-image-box stk-block-image-box stk-hover-parent stk-block stk-e00bd99 is-style-default\" data-block-id=\"e00bd99\"><style>.stk-e00bd99{margin-bottom:10px !important}<\/style><div class=\"stk-block-content stk-inner-blocks has-text-align-center stk-row stk-block-image-box__content\">\n<div class=\"wp-block-stackable-image stk-block-image stk-block stk-70e4ed8\" data-block-id=\"70e4ed8\"><style>.stk-70e4ed8 .stk-img-wrapper{width:100% !important;height:400px !important}:where(.stk-hover-parent:hover,.stk-hover-parent.stk--is-hovered) .stk-70e4ed8 .stk-img-wrapper::after{background-color:var(--stk-global-color-16949,#304a58) !important}<\/style><figure><span class=\"stk-img-wrapper stk-image--shape-stretch\"><img loading=\"lazy\" decoding=\"async\" class=\"stk-img wp-image-299\" src=\"https:\/\/campinglagrandevallee.com\/wp-content\/uploads\/2024\/01\/Coulon-marais-poitevin-DSC_1161.jpg\" width=\"1200\" height=\"800\" alt=\"visit to the Marais Poitevin\" srcset=\"https:\/\/campinglagrandevallee.com\/wp-content\/uploads\/2024\/01\/Coulon-marais-poitevin-DSC_1161.jpg 1200w, https:\/\/campinglagrandevallee.com\/wp-content\/uploads\/2024\/01\/Coulon-marais-poitevin-DSC_1161-300x200.jpg 300w, https:\/\/campinglagrandevallee.com\/wp-content\/uploads\/2024\/01\/Coulon-marais-poitevin-DSC_1161-1024x683.jpg 1024w, https:\/\/campinglagrandevallee.com\/wp-content\/uploads\/2024\/01\/Coulon-marais-poitevin-DSC_1161-768x512.jpg 768w, https:\/\/campinglagrandevallee.com\/wp-content\/uploads\/2024\/01\/Coulon-marais-poitevin-DSC_1161-500x333.jpg 500w, https:\/\/campinglagrandevallee.com\/wp-content\/uploads\/2024\/01\/Coulon-marais-poitevin-DSC_1161-800x533.jpg 800w\" sizes=\"auto, (max-width: 1200px) 100vw, 1200px\" \/><\/span><\/figure><\/div>\n\n\n\n<div class=\"wp-block-stackable-column stk-block-column stk-column stk-block stk-3ef141d\" data-v=\"4\" data-block-id=\"3ef141d\"><style>.stk-3ef141d{align-items:center !important;display:flex !important}<\/style><div class=\"stk-column-wrapper stk-block-column__content stk-container stk-3ef141d-container stk--no-background stk--no-padding\"><div class=\"stk-block-content stk-inner-blocks stk-3ef141d-inner-blocks\">\n<div class=\"wp-block-stackable-button-group stk-block-button-group stk-block stk-86d50cd\" data-block-id=\"86d50cd\"><style>:where(.stk-hover-parent:hover,.stk-hover-parent.stk--is-hovered) .stk-86d50cd{box-shadow:0px 0px 0px 0px rgba(0,0,0,1) !important}.stk-86d50cd{margin-bottom:0px !important}<\/style><div class=\"stk-row stk-inner-blocks stk-block-content stk-button-group\">\n<div class=\"wp-block-stackable-button stk-block-button stk-block stk-1a2900b\" data-block-id=\"1a2900b\"><style>.stk-1a2900b{box-shadow:0px 0px 0px 0px rgba(0,0,0,1) !important;opacity:0 !important}.stk-1a2900b:hover{box-shadow:2px 1px 4px 0px rgba(0,0,0,0.6) !important;opacity:1 !important}:where(.stk-hover-parent:hover,.stk-hover-parent.stk--is-hovered) .stk-1a2900b{opacity:1 !important;transform:scale(1) translateY(-24px) !important}.stk-1a2900b .stk-button{padding-right:20px !important;padding-left:20px !important;background:var(--stk-global-color-16949,#304a58) !important}.stk-1a2900b .stk-button__inner-text{text-transform:uppercase !important;font-family:\"Quicksand\",Sans-serif !important}<\/style><a class=\"stk-link stk-button stk--hover-effect-darken\" href=\"https:\/\/campinglagrandevallee.com\/en\/nature\/the-marais-poitevin\/\"><span class=\"stk-button__inner-text\">Discover<\/span><span class=\"stk--svg-wrapper\"><div class=\"stk--inner-svg\"><svg xmlns=\"http:\/\/www.w3.org\/2000\/svg\" viewbox=\"0 0 448 512\" aria-hidden=\"true\" width=\"32\" height=\"32\"><path d=\"M438.6 278.6c12.5-12.5 12.5-32.8 0-45.3l-160-160c-12.5-12.5-32.8-12.5-45.3 0s-12.5 32.8 0 45.3L338.8 224 32 224c-17.7 0-32 14.3-32 32s14.3 32 32 32l306.7 0L233.4 393.4c-12.5 12.5-12.5 32.8 0 45.3s32.8 12.5 45.3 0l160-160z\"><\/path><\/svg><\/div><\/span><\/a><\/div>\n<\/div><\/div>\n<\/div><\/div><\/div>\n<\/div><\/div>\n\n\n\n<div class=\"wp-block-stackable-text stk-block-text stk-block stk-306bf22\" data-block-id=\"306bf22\"><style>.stk-306bf22 .stk-block-text__text{font-size:1rem !important;text-transform:uppercase !important;font-family:\"Alegreya\",Sans-serif !important}.stk-306bf22 .stk-block-text__text:hover{color:var(--stk-global-color-16949,#304a58) !important}@media screen and (max-width:1023px){.stk-306bf22 .stk-block-text__text{font-size:1rem !important}}<\/style><p class=\"stk-block-text__text\">Marais Poitevin<\/p><\/div>\n<\/div><\/div><\/div>\n\n\n\n<div class=\"wp-block-stackable-column stk-block-column stk-column stk-block stk-8d704ee\" data-v=\"4\" data-block-id=\"8d704ee\"><style>@media screen and (min-width:768px){.stk-8d704ee{flex:1 1 calc(33.333% - var(--stk-column-gap,0px) * 1 \/ 2 ) !important}}<\/style><div class=\"stk-column-wrapper stk-block-column__content stk-container stk-8d704ee-container stk--no-background stk--no-padding\"><div class=\"stk-block-content stk-inner-blocks stk-8d704ee-inner-blocks\">\n<div class=\"wp-block-stackable-image-box stk-block-image-box stk-hover-parent stk-block stk-e16e1ca is-style-default\" data-block-id=\"e16e1ca\"><style>.stk-e16e1ca{margin-bottom:10px !important}<\/style><div class=\"stk-block-content stk-inner-blocks has-text-align-center stk-row stk-block-image-box__content\">\n<div class=\"wp-block-stackable-image stk-block-image stk-block stk-1d0f174\" data-block-id=\"1d0f174\"><style>.stk-1d0f174 .stk-img-wrapper{width:100% !important;height:400px !important}:where(.stk-hover-parent:hover,.stk-hover-parent.stk--is-hovered) .stk-1d0f174 .stk-img-wrapper::after{background-color:var(--stk-global-color-16949,#304a58) !important}<\/style><figure><span class=\"stk-img-wrapper stk-image--shape-stretch\"><img loading=\"lazy\" decoding=\"async\" class=\"stk-img wp-image-221\" src=\"https:\/\/campinglagrandevallee.com\/wp-content\/uploads\/2024\/01\/marais-salant-st-hilaire-de-riez-IMG_6015-1.jpg\" width=\"1200\" height=\"800\" alt=\"visit to the salt marshes in Vend&#xE9;e\" srcset=\"https:\/\/campinglagrandevallee.com\/wp-content\/uploads\/2024\/01\/marais-salant-st-hilaire-de-riez-IMG_6015-1.jpg 1200w, https:\/\/campinglagrandevallee.com\/wp-content\/uploads\/2024\/01\/marais-salant-st-hilaire-de-riez-IMG_6015-1-300x200.jpg 300w, https:\/\/campinglagrandevallee.com\/wp-content\/uploads\/2024\/01\/marais-salant-st-hilaire-de-riez-IMG_6015-1-1024x683.jpg 1024w, https:\/\/campinglagrandevallee.com\/wp-content\/uploads\/2024\/01\/marais-salant-st-hilaire-de-riez-IMG_6015-1-768x512.jpg 768w, https:\/\/campinglagrandevallee.com\/wp-content\/uploads\/2024\/01\/marais-salant-st-hilaire-de-riez-IMG_6015-1-500x333.jpg 500w, https:\/\/campinglagrandevallee.com\/wp-content\/uploads\/2024\/01\/marais-salant-st-hilaire-de-riez-IMG_6015-1-800x533.jpg 800w\" sizes=\"auto, (max-width: 1200px) 100vw, 1200px\" \/><\/span><\/figure><\/div>\n\n\n\n<div class=\"wp-block-stackable-column stk-block-column stk-column stk-block stk-6bbc79b\" data-v=\"4\" data-block-id=\"6bbc79b\"><style>.stk-6bbc79b{align-items:center !important;display:flex !important}<\/style><div class=\"stk-column-wrapper stk-block-column__content stk-container stk-6bbc79b-container stk--no-background stk--no-padding\"><div class=\"stk-block-content stk-inner-blocks stk-6bbc79b-inner-blocks\">\n<div class=\"wp-block-stackable-button-group stk-block-button-group stk-block stk-f3c6a8c\" data-block-id=\"f3c6a8c\"><style>:where(.stk-hover-parent:hover,.stk-hover-parent.stk--is-hovered) .stk-f3c6a8c{box-shadow:0px 0px 0px 0px rgba(0,0,0,1) !important}.stk-f3c6a8c{margin-bottom:0px !important}<\/style><div class=\"stk-row stk-inner-blocks stk-block-content stk-button-group\">\n<div class=\"wp-block-stackable-button stk-block-button stk-block stk-a3aff74\" data-block-id=\"a3aff74\"><style>.stk-a3aff74{box-shadow:0px 0px 0px 0px rgba(0,0,0,1) !important;opacity:0 !important}.stk-a3aff74:hover{box-shadow:2px 1px 4px 0px rgba(0,0,0,0.6) !important;opacity:1 !important}:where(.stk-hover-parent:hover,.stk-hover-parent.stk--is-hovered) .stk-a3aff74{opacity:1 !important;transform:scale(1) translateY(-24px) !important}.stk-a3aff74 .stk-button{padding-right:20px !important;padding-left:20px !important;background:var(--stk-global-color-16949,#304a58) !important}.stk-a3aff74 .stk-button__inner-text{text-transform:uppercase !important;font-family:\"Quicksand\",Sans-serif !important}<\/style><a class=\"stk-link stk-button stk--hover-effect-darken\" href=\"https:\/\/campinglagrandevallee.com\/en\/nature\/les-salines\/\"><span class=\"stk-button__inner-text\">Discover<\/span><span class=\"stk--svg-wrapper\"><div class=\"stk--inner-svg\"><svg xmlns=\"http:\/\/www.w3.org\/2000\/svg\" viewbox=\"0 0 448 512\" aria-hidden=\"true\" width=\"32\" height=\"32\"><path d=\"M438.6 278.6c12.5-12.5 12.5-32.8 0-45.3l-160-160c-12.5-12.5-32.8-12.5-45.3 0s-12.5 32.8 0 45.3L338.8 224 32 224c-17.7 0-32 14.3-32 32s14.3 32 32 32l306.7 0L233.4 393.4c-12.5 12.5-12.5 32.8 0 45.3s32.8 12.5 45.3 0l160-160z\"><\/path><\/svg><\/div><\/span><\/a><\/div>\n<\/div><\/div>\n<\/div><\/div><\/div>\n<\/div><\/div>\n\n\n\n<div class=\"wp-block-stackable-text stk-block-text stk-block stk-eeb5cca\" data-block-id=\"eeb5cca\"><style>.stk-eeb5cca .stk-block-text__text{font-size:1rem !important;text-transform:uppercase !important;font-family:\"Alegreya\",Sans-serif !important}.stk-eeb5cca .stk-block-text__text:hover{color:var(--stk-global-color-16949,#304a58) !important}@media screen and (max-width:1023px){.stk-eeb5cca .stk-block-text__text{font-size:1rem !important}}<\/style><p class=\"stk-block-text__text\">Les Salines<\/p><\/div>\n<\/div><\/div><\/div>\n<\/div><\/div>\n\n<div class=\"wp-block-stackable-columns alignwide stk-block-columns stk-block stk-12ceb56\" data-block-id=\"12ceb56\"><style>.stk-12ceb56{margin-right:40px !important;margin-bottom:0px !important;margin-left:40px !important}<\/style><div class=\"stk-row stk-inner-blocks stk-block-content stk-content-align stk-12ceb56-column alignwide\">\n<div class=\"wp-block-stackable-column stk-block-column stk-column stk-block stk-eba1899\" data-v=\"4\" data-block-id=\"eba1899\"><div class=\"stk-column-wrapper stk-block-column__content stk-container stk-eba1899-container stk--no-background stk--no-padding\"><div class=\"stk-block-content stk-inner-blocks stk-eba1899-inner-blocks\">\n<div class=\"wp-block-stackable-image-box stk-block-image-box stk-hover-parent stk-block stk-4bf709f is-style-default\" data-block-id=\"4bf709f\"><style>.stk-4bf709f{margin-bottom:10px !important}<\/style><div class=\"stk-block-content stk-inner-blocks has-text-align-center stk-row stk-block-image-box__content\">\n<div class=\"wp-block-stackable-image stk-block-image stk-block stk-98ec1b8\" data-block-id=\"98ec1b8\"><style>.stk-98ec1b8 .stk-img-wrapper{width:100% !important;height:400px !important}:where(.stk-hover-parent:hover,.stk-hover-parent.stk--is-hovered) .stk-98ec1b8 .stk-img-wrapper::after{background-color:var(--stk-global-color-16949,#304a58) !important}<\/style><figure><span class=\"stk-img-wrapper stk-image--shape-stretch\"><img loading=\"lazy\" decoding=\"async\" class=\"stk-img wp-image-250\" src=\"https:\/\/campinglagrandevallee.com\/wp-content\/uploads\/2024\/01\/La-Tranche-sur-Mer-0644.jpg\" width=\"1200\" height=\"799\" alt=\"motorhome rental near the beaches of Vend&#xE9;e\" srcset=\"https:\/\/campinglagrandevallee.com\/wp-content\/uploads\/2024\/01\/La-Tranche-sur-Mer-0644.jpg 1200w, https:\/\/campinglagrandevallee.com\/wp-content\/uploads\/2024\/01\/La-Tranche-sur-Mer-0644-300x200.jpg 300w, https:\/\/campinglagrandevallee.com\/wp-content\/uploads\/2024\/01\/La-Tranche-sur-Mer-0644-1024x682.jpg 1024w, https:\/\/campinglagrandevallee.com\/wp-content\/uploads\/2024\/01\/La-Tranche-sur-Mer-0644-768x511.jpg 768w, https:\/\/campinglagrandevallee.com\/wp-content\/uploads\/2024\/01\/La-Tranche-sur-Mer-0644-500x333.jpg 500w, https:\/\/campinglagrandevallee.com\/wp-content\/uploads\/2024\/01\/La-Tranche-sur-Mer-0644-800x533.jpg 800w\" sizes=\"auto, (max-width: 1200px) 100vw, 1200px\" \/><\/span><\/figure><\/div>\n\n\n\n<div class=\"wp-block-stackable-column stk-block-column stk-column stk-block stk-6570881\" data-v=\"4\" data-block-id=\"6570881\"><style>.stk-6570881{align-items:center !important;display:flex !important}<\/style><div class=\"stk-column-wrapper stk-block-column__content stk-container stk-6570881-container stk--no-background stk--no-padding\"><div class=\"stk-block-content stk-inner-blocks stk-6570881-inner-blocks\">\n<div class=\"wp-block-stackable-button-group stk-block-button-group stk-block stk-70c34f4\" data-block-id=\"70c34f4\"><style>:where(.stk-hover-parent:hover,.stk-hover-parent.stk--is-hovered) .stk-70c34f4{box-shadow:0px 0px 0px 0px rgba(0,0,0,1) !important}.stk-70c34f4{margin-bottom:0px !important}<\/style><div class=\"stk-row stk-inner-blocks stk-block-content stk-button-group\">\n<div class=\"wp-block-stackable-button stk-block-button stk-block stk-00435e3\" data-block-id=\"00435e3\"><style>.stk-00435e3{box-shadow:0px 0px 0px 0px rgba(0,0,0,1) !important;opacity:0 !important}.stk-00435e3:hover{box-shadow:2px 1px 4px 0px rgba(0,0,0,0.6) !important;opacity:1 !important}:where(.stk-hover-parent:hover,.stk-hover-parent.stk--is-hovered) .stk-00435e3{opacity:1 !important;transform:scale(1) translateY(-24px) !important}.stk-00435e3 .stk-button{padding-right:20px !important;padding-left:20px !important;background:var(--stk-global-color-16949,#304a58) !important}.stk-00435e3 .stk-button__inner-text{text-transform:uppercase !important;font-family:\"Quicksand\",Sans-serif !important}<\/style><a class=\"stk-link stk-button stk--hover-effect-darken\" href=\"https:\/\/campinglagrandevallee.com\/en\/nature\/the-beaches-around-the-campsite-in-la-tranche-sur-mer\/\"><span class=\"stk-button__inner-text\">Discover<\/span><span class=\"stk--svg-wrapper\"><div class=\"stk--inner-svg\"><svg xmlns=\"http:\/\/www.w3.org\/2000\/svg\" viewbox=\"0 0 448 512\" aria-hidden=\"true\" width=\"32\" height=\"32\"><path d=\"M438.6 278.6c12.5-12.5 12.5-32.8 0-45.3l-160-160c-12.5-12.5-32.8-12.5-45.3 0s-12.5 32.8 0 45.3L338.8 224 32 224c-17.7 0-32 14.3-32 32s14.3 32 32 32l306.7 0L233.4 393.4c-12.5 12.5-12.5 32.8 0 45.3s32.8 12.5 45.3 0l160-160z\"><\/path><\/svg><\/div><\/span><\/a><\/div>\n<\/div><\/div>\n<\/div><\/div><\/div>\n<\/div><\/div>\n\n\n\n<div class=\"wp-block-stackable-text stk-block-text stk-block stk-4d4fea9\" data-block-id=\"4d4fea9\"><style>.stk-4d4fea9 .stk-block-text__text{font-size:1rem !important;text-transform:uppercase !important;font-family:\"Alegreya\",Sans-serif !important}.stk-4d4fea9 .stk-block-text__text:hover{color:var(--stk-global-color-16949,#304a58) !important}@media screen and (max-width:1023px){.stk-4d4fea9 .stk-block-text__text{font-size:1rem !important}}<\/style><p class=\"stk-block-text__text\">The beaches<\/p><\/div>\n<\/div><\/div><\/div>\n<\/div><\/div>\n","protected":false},"excerpt":{"rendered":"<p>Discover Marais Poitevin Discover Les Salines Discover The beaches<\/p>\n","protected":false},"author":1,"featured_media":821,"parent":0,"menu_order":0,"comment_status":"closed","ping_status":"closed","template":"","meta":{"_acf_changed":false,"_seopress_robots_primary_cat":"","_seopress_titles_title":"C\u00f4t\u00e9 nature - La Grande Vall\u00e9e campsite in Vend\u00e9e","_seopress_titles_desc":"In La Tranche sur Mer, enjoy all the benefits of camping La Grande Vall\u00e9e. Located in the Vend\u00e9e, with direct access to the beach and cycle paths.  ","_seopress_robots_index":"","_vp_format_video_url":"","_vp_image_focal_point":[],"footnotes":""},"class_list":["post-1261","page","type-page","status-publish","has-post-thumbnail","hentry"],"acf":[],"_links":{"self":[{"href":"https:\/\/campinglagrandevallee.com\/en\/wp-json\/wp\/v2\/pages\/1261","targetHints":{"allow":["GET"]}}],"collection":[{"href":"https:\/\/campinglagrandevallee.com\/en\/wp-json\/wp\/v2\/pages"}],"about":[{"href":"https:\/\/campinglagrandevallee.com\/en\/wp-json\/wp\/v2\/types\/page"}],"author":[{"embeddable":true,"href":"https:\/\/campinglagrandevallee.com\/en\/wp-json\/wp\/v2\/users\/1"}],"replies":[{"embeddable":true,"href":"https:\/\/campinglagrandevallee.com\/en\/wp-json\/wp\/v2\/comments?post=1261"}],"version-history":[{"count":5,"href":"https:\/\/campinglagrandevallee.com\/en\/wp-json\/wp\/v2\/pages\/1261\/revisions"}],"predecessor-version":[{"id":1724,"href":"https:\/\/campinglagrandevallee.com\/en\/wp-json\/wp\/v2\/pages\/1261\/revisions\/1724"}],"wp:featuredmedia":[{"embeddable":true,"href":"https:\/\/campinglagrandevallee.com\/en\/wp-json\/wp\/v2\/media\/821"}],"wp:attachment":[{"href":"https:\/\/campinglagrandevallee.com\/en\/wp-json\/wp\/v2\/media?parent=1261"}],"curies":[{"name":"wp","href":"https:\/\/api.w.org\/{rel}","templated":true}]}}